{"id":5879,"date":"2021-11-09T14:52:26","date_gmt":"2021-11-09T14:52:26","guid":{"rendered":"https:\/\/www.vintagehousehotel.com\/programas\/"},"modified":"2025-01-07T10:46:25","modified_gmt":"2025-01-07T10:46:25","slug":"experiencias","status":"publish","type":"page","link":"https:\/\/www.vintagehousehotel.com\/es\/experiencias\/","title":{"rendered":"Experiencias"},"content":{"rendered":"<div style=\"margin:0 auto;\">\t\t<div data-elementor-type=\"wp-page\" data-elementor-id=\"5879\" class=\"elementor elementor-5879 elementor-1614\" data-elementor-post-type=\"page\">\n\t\t\t\t\t\t<section class=\"elementor-section elementor-top-section elementor-element elementor-element-f7d05a0 elementor-section-stretched elementor-section-height-min-height elementor-section-content-middle elementor-section-boxed elementor-section-height-default elementor-section-items-middle\" data-id=\"f7d05a0\" data-element_type=\"section\" data-settings=\"{&quot;stretch_section&quot;:&quot;section-stretched&quot;,&quot;background_background&quot;:&quot;classic&quot;,&quot;hoteller_ext_is_background_on_scroll&quot;:&quot;false&quot;}\">\n\t\t\t\t\t\t\t<div class=\"elementor-background-overlay\"><\/div>\n\t\t\t\t\t\t\t<div class=\"elementor-container elementor-column-gap-default\">\n\t\t\t\t\t<div class=\"elementor-column elementor-col-100 elementor-top-column elementor-element elementor-element-b39195d\" data-id=\"b39195d\" data-element_type=\"column\" data-settings=\"{&quot;hoteller_ext_is_scrollme&quot;:&quot;false&quot;,&quot;hoteller_ext_is_smoove&quot;:&quot;false&quot;,&quot;hoteller_ext_is_parallax_mouse&quot;:&quot;false&quot;,&quot;hoteller_ext_is_infinite&quot;:&quot;false&quot;,&quot;hoteller_ext_is_fadeout_animation&quot;:&quot;false&quot;}\">\n\t\t\t<div class=\"elementor-widget-wrap elementor-element-populated\">\n\t\t\t\t\t\t<div class=\"elementor-element elementor-element-0c8ac09 elementor-widget elementor-widget-hoteller-animated-text\" data-id=\"0c8ac09\" data-element_type=\"widget\" data-settings=\"{&quot;hoteller_ext_is_fadeout_animation&quot;:&quot;true&quot;,&quot;hoteller_ext_is_fadeout_animation_velocity&quot;:{&quot;unit&quot;:&quot;px&quot;,&quot;size&quot;:0.4,&quot;sizes&quot;:[]},&quot;hoteller_ext_is_scrollme&quot;:&quot;false&quot;,&quot;hoteller_ext_is_smoove&quot;:&quot;false&quot;,&quot;hoteller_ext_is_parallax_mouse&quot;:&quot;false&quot;,&quot;hoteller_ext_is_infinite&quot;:&quot;false&quot;,&quot;hoteller_ext_is_fadeout_animation_direction&quot;:&quot;up&quot;}\" data-widget_type=\"hoteller-animated-text.default\">\n\t\t\t\t<div class=\"elementor-widget-container\">\n\t\t\t\t\t<div class=\"themegoods-animated-text text-alignment-center transition-bottom overflow-hidden\" data-delimiter=\"word\" data-transition=\"100\" data-transition-delay=\"0\" data-transition-duration=\"800\">\n\t\t<h1>\n\t\tExperiencias\t<\/h1>\n\t<\/div>\t\t\t\t<\/div>\n\t\t\t\t<\/div>\n\t\t\t\t\t<\/div>\n\t\t<\/div>\n\t\t\t\t\t<\/div>\n\t\t<\/section>\n\t\t\t\t<section class=\"elementor-section elementor-top-section elementor-element elementor-element-7be1645 elementor-reverse-mobile elementor-section-boxed elementor-section-height-default elementor-section-height-default\" data-id=\"7be1645\" data-element_type=\"section\" data-settings=\"{&quot;hoteller_ext_is_background_parallax&quot;:&quot;false&quot;,&quot;hoteller_ext_is_background_on_scroll&quot;:&quot;false&quot;}\">\n\t\t\t\t\t\t<div class=\"elementor-container elementor-column-gap-default\">\n\t\t\t\t\t<div class=\"elementor-column elementor-col-100 elementor-top-column elementor-element elementor-element-4fd31af\" data-id=\"4fd31af\" data-element_type=\"column\" data-settings=\"{&quot;hoteller_ext_is_scrollme&quot;:&quot;false&quot;,&quot;hoteller_ext_is_smoove&quot;:&quot;false&quot;,&quot;hoteller_ext_is_parallax_mouse&quot;:&quot;false&quot;,&quot;hoteller_ext_is_infinite&quot;:&quot;false&quot;,&quot;hoteller_ext_is_fadeout_animation&quot;:&quot;false&quot;}\">\n\t\t\t<div class=\"elementor-widget-wrap elementor-element-populated\">\n\t\t\t\t\t\t<div class=\"elementor-element elementor-element-88aec89 elementor-widget elementor-widget-hoteller-animated-text\" data-id=\"88aec89\" data-element_type=\"widget\" data-settings=\"{&quot;hoteller_ext_is_scrollme&quot;:&quot;false&quot;,&quot;hoteller_ext_is_smoove&quot;:&quot;false&quot;,&quot;hoteller_ext_is_parallax_mouse&quot;:&quot;false&quot;,&quot;hoteller_ext_is_infinite&quot;:&quot;false&quot;,&quot;hoteller_ext_is_fadeout_animation&quot;:&quot;false&quot;}\" data-widget_type=\"hoteller-animated-text.default\">\n\t\t\t\t<div class=\"elementor-widget-container\">\n\t\t\t\t\t<div class=\"themegoods-animated-text text-alignment-center transition-bottom overflow-hidden\" data-delimiter=\"word\" data-transition=\"100\" data-transition-delay=\"0\" data-transition-duration=\"800\">\n\t\t<h1>\n\t\tEl Vintage House Hotel goza de una ubicaci\u00f3n id\u00edlica y tranquila junto al r\u00edo en Pinh\u00e3o, en el coraz\u00f3n del valle del Douro.\t<\/h1>\n\t<\/div>\t\t\t\t<\/div>\n\t\t\t\t<\/div>\n\t\t\t\t\t<\/div>\n\t\t<\/div>\n\t\t\t\t\t<\/div>\n\t\t<\/section>\n\t\t\t\t<section class=\"elementor-section elementor-top-section elementor-element elementor-element-d5f285a elementor-section-stretched elementor-section-boxed elementor-section-height-default elementor-section-height-default\" data-id=\"d5f285a\" data-element_type=\"section\" data-settings=\"{&quot;stretch_section&quot;:&quot;section-stretched&quot;,&quot;background_background&quot;:&quot;classic&quot;,&quot;hoteller_ext_is_background_parallax&quot;:&quot;false&quot;,&quot;hoteller_ext_is_background_on_scroll&quot;:&quot;false&quot;}\">\n\t\t\t\t\t\t<div class=\"elementor-container elementor-column-gap-default\">\n\t\t\t\t\t<div class=\"elementor-column elementor-col-100 elementor-top-column elementor-element elementor-element-d369e9d\" data-id=\"d369e9d\" data-element_type=\"column\" data-settings=\"{&quot;hoteller_ext_is_scrollme&quot;:&quot;false&quot;,&quot;hoteller_ext_is_smoove&quot;:&quot;false&quot;,&quot;hoteller_ext_is_parallax_mouse&quot;:&quot;false&quot;,&quot;hoteller_ext_is_infinite&quot;:&quot;false&quot;,&quot;hoteller_ext_is_fadeout_animation&quot;:&quot;false&quot;}\">\n\t\t\t<div class=\"elementor-widget-wrap elementor-element-populated\">\n\t\t\t\t\t\t<div class=\"elementor-element elementor-element-e5a39df elementor-grid-2 prog-title elementor-grid-tablet-2 elementor-grid-mobile-1 elementor-posts--thumbnail-top elementor-widget elementor-widget-posts\" data-id=\"e5a39df\" data-element_type=\"widget\" data-settings=\"{&quot;classic_columns&quot;:&quot;2&quot;,&quot;classic_columns_tablet&quot;:&quot;2&quot;,&quot;classic_columns_mobile&quot;:&quot;1&quot;,&quot;classic_row_gap&quot;:{&quot;unit&quot;:&quot;px&quot;,&quot;size&quot;:35,&quot;sizes&quot;:[]},&quot;classic_row_gap_tablet&quot;:{&quot;unit&quot;:&quot;px&quot;,&quot;size&quot;:&quot;&quot;,&quot;sizes&quot;:[]},&quot;classic_row_gap_mobile&quot;:{&quot;unit&quot;:&quot;px&quot;,&quot;size&quot;:&quot;&quot;,&quot;sizes&quot;:[]},&quot;hoteller_ext_is_scrollme&quot;:&quot;false&quot;,&quot;hoteller_ext_is_smoove&quot;:&quot;false&quot;,&quot;hoteller_ext_is_parallax_mouse&quot;:&quot;false&quot;,&quot;hoteller_ext_is_infinite&quot;:&quot;false&quot;,&quot;hoteller_ext_is_fadeout_animation&quot;:&quot;false&quot;}\" data-widget_type=\"posts.classic\">\n\t\t\t\t<div class=\"elementor-widget-container\">\n\t\t\t\t\t\t\t<div class=\"elementor-posts-container elementor-posts elementor-posts--skin-classic elementor-grid\">\n\t\t\t\t<article class=\"elementor-post elementor-grid-item post-10153 programas type-programas status-publish has-post-thumbnail hentry\">\n\t\t\t\t<a class=\"elementor-post__thumbnail__link\" href=\"https:\/\/www.vintagehousehotel.com\/es\/programas\/gastronomic-experience\/\" tabindex=\"-1\" >\n\t\t\t<div class=\"elementor-post__thumbnail\"><img fetchpriority=\"high\" decoding=\"async\" width=\"1024\" height=\"683\" src=\"https:\/\/www.vintagehousehotel.com\/wp-content\/uploads\/2022\/02\/gastronomic-experience-2-1024x683.jpg\" class=\"attachment-large size-large wp-image-20157\" alt=\"\" srcset=\"https:\/\/www.vintagehousehotel.com\/wp-content\/uploads\/2022\/02\/gastronomic-experience-2-1024x683.jpg 1024w, https:\/\/www.vintagehousehotel.com\/wp-content\/uploads\/2022\/02\/gastronomic-experience-2-300x200.jpg 300w, https:\/\/www.vintagehousehotel.com\/wp-content\/uploads\/2022\/02\/gastronomic-experience-2-768x512.jpg 768w, https:\/\/www.vintagehousehotel.com\/wp-content\/uploads\/2022\/02\/gastronomic-experience-2-1536x1024.jpg 1536w, https:\/\/www.vintagehousehotel.com\/wp-content\/uploads\/2022\/02\/gastronomic-experience-2-700x466.jpg 700w, https:\/\/www.vintagehousehotel.com\/wp-content\/uploads\/2022\/02\/gastronomic-experience-2-440x293.jpg 440w, https:\/\/www.vintagehousehotel.com\/wp-content\/uploads\/2022\/02\/gastronomic-experience-2-350x233.jpg 350w, https:\/\/www.vintagehousehotel.com\/wp-content\/uploads\/2022\/02\/gastronomic-experience-2.jpg 1800w\" sizes=\"(max-width: 1024px) 100vw, 1024px\" \/><\/div>\n\t\t<\/a>\n\t\t\t\t<div class=\"elementor-post__text\">\n\t\t\t\t<h2 class=\"elementor-post__title\">\n\t\t\t<a href=\"https:\/\/www.vintagehousehotel.com\/es\/programas\/gastronomic-experience\/\" >\n\t\t\t\tGastronomic Experience\t\t\t<\/a>\n\t\t<\/h2>\n\t\t\t\t<\/div>\n\t\t\t\t<\/article>\n\t\t\t\t<article class=\"elementor-post elementor-grid-item post-5905 programas type-programas status-publish has-post-thumbnail hentry\">\n\t\t\t\t<a class=\"elementor-post__thumbnail__link\" href=\"https:\/\/www.vintagehousehotel.com\/es\/programas\/douro-wine-lover-experience\/\" tabindex=\"-1\" >\n\t\t\t<div class=\"elementor-post__thumbnail\"><img decoding=\"async\" width=\"1024\" height=\"683\" src=\"https:\/\/www.vintagehousehotel.com\/wp-content\/uploads\/2021\/10\/DSC6681-1-1024x683.jpg\" class=\"attachment-large size-large wp-image-7339\" alt=\"\" srcset=\"https:\/\/www.vintagehousehotel.com\/wp-content\/uploads\/2021\/10\/DSC6681-1-1024x683.jpg 1024w, https:\/\/www.vintagehousehotel.com\/wp-content\/uploads\/2021\/10\/DSC6681-1-300x200.jpg 300w, https:\/\/www.vintagehousehotel.com\/wp-content\/uploads\/2021\/10\/DSC6681-1-768x512.jpg 768w, https:\/\/www.vintagehousehotel.com\/wp-content\/uploads\/2021\/10\/DSC6681-1-1536x1024.jpg 1536w, https:\/\/www.vintagehousehotel.com\/wp-content\/uploads\/2021\/10\/DSC6681-1-2048x1365.jpg 2048w, https:\/\/www.vintagehousehotel.com\/wp-content\/uploads\/2021\/10\/DSC6681-1-700x466.jpg 700w, https:\/\/www.vintagehousehotel.com\/wp-content\/uploads\/2021\/10\/DSC6681-1-440x293.jpg 440w, https:\/\/www.vintagehousehotel.com\/wp-content\/uploads\/2021\/10\/DSC6681-1-350x233.jpg 350w, https:\/\/www.vintagehousehotel.com\/wp-content\/uploads\/2021\/10\/DSC6681-1-600x400.jpg 600w\" sizes=\"(max-width: 1024px) 100vw, 1024px\" \/><\/div>\n\t\t<\/a>\n\t\t\t\t<div class=\"elementor-post__text\">\n\t\t\t\t<h2 class=\"elementor-post__title\">\n\t\t\t<a href=\"https:\/\/www.vintagehousehotel.com\/es\/programas\/douro-wine-lover-experience\/\" >\n\t\t\t\tDouro Wine Lover Experience\t\t\t<\/a>\n\t\t<\/h2>\n\t\t\t\t<\/div>\n\t\t\t\t<\/article>\n\t\t\t\t<article class=\"elementor-post elementor-grid-item post-5907 programas type-programas status-publish has-post-thumbnail hentry\">\n\t\t\t\t<a class=\"elementor-post__thumbnail__link\" href=\"https:\/\/www.vintagehousehotel.com\/es\/programas\/romantic-experience\/\" tabindex=\"-1\" >\n\t\t\t<div class=\"elementor-post__thumbnail\"><img decoding=\"async\" width=\"1024\" height=\"683\" src=\"https:\/\/www.vintagehousehotel.com\/wp-content\/uploads\/2021\/10\/Vip-Romantico-5-1024x683.jpg\" class=\"attachment-large size-large wp-image-20142\" alt=\"\" srcset=\"https:\/\/www.vintagehousehotel.com\/wp-content\/uploads\/2021\/10\/Vip-Romantico-5-1024x683.jpg 1024w, https:\/\/www.vintagehousehotel.com\/wp-content\/uploads\/2021\/10\/Vip-Romantico-5-300x200.jpg 300w, https:\/\/www.vintagehousehotel.com\/wp-content\/uploads\/2021\/10\/Vip-Romantico-5-768x512.jpg 768w, https:\/\/www.vintagehousehotel.com\/wp-content\/uploads\/2021\/10\/Vip-Romantico-5-1536x1024.jpg 1536w, https:\/\/www.vintagehousehotel.com\/wp-content\/uploads\/2021\/10\/Vip-Romantico-5-700x466.jpg 700w, https:\/\/www.vintagehousehotel.com\/wp-content\/uploads\/2021\/10\/Vip-Romantico-5-440x293.jpg 440w, https:\/\/www.vintagehousehotel.com\/wp-content\/uploads\/2021\/10\/Vip-Romantico-5-350x233.jpg 350w, https:\/\/www.vintagehousehotel.com\/wp-content\/uploads\/2021\/10\/Vip-Romantico-5.jpg 1800w\" sizes=\"(max-width: 1024px) 100vw, 1024px\" \/><\/div>\n\t\t<\/a>\n\t\t\t\t<div class=\"elementor-post__text\">\n\t\t\t\t<h2 class=\"elementor-post__title\">\n\t\t\t<a href=\"https:\/\/www.vintagehousehotel.com\/es\/programas\/romantic-experience\/\" >\n\t\t\t\tRomantic Experience\t\t\t<\/a>\n\t\t<\/h2>\n\t\t\t\t<\/div>\n\t\t\t\t<\/article>\n\t\t\t\t<article class=\"elementor-post elementor-grid-item post-5883 programas type-programas status-publish has-post-thumbnail hentry\">\n\t\t\t\t<a class=\"elementor-post__thumbnail__link\" href=\"https:\/\/www.vintagehousehotel.com\/es\/programas\/staycation-with-tapas-experience\/\" tabindex=\"-1\" >\n\t\t\t<div class=\"elementor-post__thumbnail\"><img loading=\"lazy\" decoding=\"async\" width=\"1024\" height=\"683\" src=\"https:\/\/www.vintagehousehotel.com\/wp-content\/uploads\/2021\/09\/001_Croft_QuintaDaRoeda_Outono_20181116-1024x683.jpg\" class=\"attachment-large size-large wp-image-7117\" alt=\"\" srcset=\"https:\/\/www.vintagehousehotel.com\/wp-content\/uploads\/2021\/09\/001_Croft_QuintaDaRoeda_Outono_20181116-1024x683.jpg 1024w, https:\/\/www.vintagehousehotel.com\/wp-content\/uploads\/2021\/09\/001_Croft_QuintaDaRoeda_Outono_20181116-300x200.jpg 300w, https:\/\/www.vintagehousehotel.com\/wp-content\/uploads\/2021\/09\/001_Croft_QuintaDaRoeda_Outono_20181116-768x512.jpg 768w, https:\/\/www.vintagehousehotel.com\/wp-content\/uploads\/2021\/09\/001_Croft_QuintaDaRoeda_Outono_20181116-1536x1024.jpg 1536w, https:\/\/www.vintagehousehotel.com\/wp-content\/uploads\/2021\/09\/001_Croft_QuintaDaRoeda_Outono_20181116-2048x1365.jpg 2048w, https:\/\/www.vintagehousehotel.com\/wp-content\/uploads\/2021\/09\/001_Croft_QuintaDaRoeda_Outono_20181116-700x466.jpg 700w, https:\/\/www.vintagehousehotel.com\/wp-content\/uploads\/2021\/09\/001_Croft_QuintaDaRoeda_Outono_20181116-440x293.jpg 440w, https:\/\/www.vintagehousehotel.com\/wp-content\/uploads\/2021\/09\/001_Croft_QuintaDaRoeda_Outono_20181116-350x233.jpg 350w, https:\/\/www.vintagehousehotel.com\/wp-content\/uploads\/2021\/09\/001_Croft_QuintaDaRoeda_Outono_20181116-600x400.jpg 600w\" sizes=\"(max-width: 1024px) 100vw, 1024px\" \/><\/div>\n\t\t<\/a>\n\t\t\t\t<div class=\"elementor-post__text\">\n\t\t\t\t<h2 class=\"elementor-post__title\">\n\t\t\t<a href=\"https:\/\/www.vintagehousehotel.com\/es\/programas\/staycation-with-tapas-experience\/\" >\n\t\t\t\tStaycation with Tapas Experience\t\t\t<\/a>\n\t\t<\/h2>\n\t\t\t\t<\/div>\n\t\t\t\t<\/article>\n\t\t\t\t<\/div>\n\t\t\n\t\t\t\t\t\t<\/div>\n\t\t\t\t<\/div>\n\t\t\t\t\t<\/div>\n\t\t<\/div>\n\t\t\t\t\t<\/div>\n\t\t<\/section>\n\t\t\t\t<section class=\"elementor-section elementor-top-section elementor-element elementor-element-a1e8be4 elementor-section-stretched elementor-section-boxed elementor-section-height-default elementor-section-height-default\" data-id=\"a1e8be4\" data-element_type=\"section\" data-settings=\"{&quot;stretch_section&quot;:&quot;section-stretched&quot;,&quot;background_background&quot;:&quot;classic&quot;,&quot;hoteller_ext_is_background_parallax&quot;:&quot;false&quot;,&quot;hoteller_ext_is_background_on_scroll&quot;:&quot;false&quot;}\">\n\t\t\t\t\t\t<div class=\"elementor-container elementor-column-gap-default\">\n\t\t\t\t\t<div class=\"elementor-column elementor-col-50 elementor-top-column elementor-element elementor-element-40cc874\" data-id=\"40cc874\" data-element_type=\"column\" data-settings=\"{&quot;hoteller_ext_is_scrollme&quot;:&quot;false&quot;,&quot;hoteller_ext_is_smoove&quot;:&quot;false&quot;,&quot;hoteller_ext_is_parallax_mouse&quot;:&quot;false&quot;,&quot;hoteller_ext_is_infinite&quot;:&quot;false&quot;,&quot;hoteller_ext_is_fadeout_animation&quot;:&quot;false&quot;}\">\n\t\t\t<div class=\"elementor-widget-wrap elementor-element-populated\">\n\t\t\t\t\t\t<div class=\"elementor-element elementor-element-ea98148 elementor-widget__width-auto elementor-widget-divider--view-line elementor-widget elementor-widget-divider\" data-id=\"ea98148\" data-element_type=\"widget\" data-settings=\"{&quot;hoteller_ext_is_smoove&quot;:&quot;true&quot;,&quot;hoteller_ext_smoove_duration&quot;:800,&quot;hoteller_ext_smoove_scalex&quot;:{&quot;unit&quot;:&quot;px&quot;,&quot;size&quot;:0.5,&quot;sizes&quot;:[]},&quot;hoteller_ext_smoove_scaley&quot;:{&quot;unit&quot;:&quot;px&quot;,&quot;size&quot;:0.5,&quot;sizes&quot;:[]},&quot;hoteller_ext_is_scrollme&quot;:&quot;false&quot;,&quot;hoteller_ext_smoove_disable&quot;:1,&quot;hoteller_ext_smoove_rotatex&quot;:{&quot;unit&quot;:&quot;px&quot;,&quot;size&quot;:0,&quot;sizes&quot;:[]},&quot;hoteller_ext_smoove_rotatey&quot;:{&quot;unit&quot;:&quot;px&quot;,&quot;size&quot;:0,&quot;sizes&quot;:[]},&quot;hoteller_ext_smoove_rotatez&quot;:{&quot;unit&quot;:&quot;px&quot;,&quot;size&quot;:0,&quot;sizes&quot;:[]},&quot;hoteller_ext_smoove_translatex&quot;:{&quot;unit&quot;:&quot;px&quot;,&quot;size&quot;:0,&quot;sizes&quot;:[]},&quot;hoteller_ext_smoove_translatey&quot;:{&quot;unit&quot;:&quot;px&quot;,&quot;size&quot;:0,&quot;sizes&quot;:[]},&quot;hoteller_ext_smoove_translatez&quot;:{&quot;unit&quot;:&quot;px&quot;,&quot;size&quot;:0,&quot;sizes&quot;:[]},&quot;hoteller_ext_smoove_skewx&quot;:{&quot;unit&quot;:&quot;px&quot;,&quot;size&quot;:0,&quot;sizes&quot;:[]},&quot;hoteller_ext_smoove_skewy&quot;:{&quot;unit&quot;:&quot;px&quot;,&quot;size&quot;:0,&quot;sizes&quot;:[]},&quot;hoteller_ext_smoove_perspective&quot;:{&quot;unit&quot;:&quot;px&quot;,&quot;size&quot;:1000,&quot;sizes&quot;:[]},&quot;hoteller_ext_is_parallax_mouse&quot;:&quot;false&quot;,&quot;hoteller_ext_is_infinite&quot;:&quot;false&quot;,&quot;hoteller_ext_is_fadeout_animation&quot;:&quot;false&quot;}\" data-widget_type=\"divider.default\">\n\t\t\t\t<div class=\"elementor-widget-container\">\n\t\t\t\t\t\t\t<div class=\"elementor-divider\">\n\t\t\t<span class=\"elementor-divider-separator\">\n\t\t\t\t\t\t<\/span>\n\t\t<\/div>\n\t\t\t\t\t\t<\/div>\n\t\t\t\t<\/div>\n\t\t\t\t<div class=\"elementor-element elementor-element-9fcfa6b elementor-widget__width-auto elementor-invisible elementor-widget elementor-widget-heading\" data-id=\"9fcfa6b\" data-element_type=\"widget\" data-settings=\"{&quot;_animation&quot;:&quot;fadeInUp&quot;,&quot;_animation_delay&quot;:100,&quot;hoteller_ext_is_scrollme&quot;:&quot;false&quot;,&quot;hoteller_ext_is_smoove&quot;:&quot;false&quot;,&quot;hoteller_ext_is_parallax_mouse&quot;:&quot;false&quot;,&quot;hoteller_ext_is_infinite&quot;:&quot;false&quot;,&quot;hoteller_ext_is_fadeout_animation&quot;:&quot;false&quot;}\" data-widget_type=\"heading.default\">\n\t\t\t\t<div class=\"elementor-widget-container\">\n\t\t\t\t\t<span class=\"elementor-heading-title elementor-size-medium\">Beneficios Exclusivos<\/span>\t\t\t\t<\/div>\n\t\t\t\t<\/div>\n\t\t\t\t<div class=\"elementor-element elementor-element-d291676 elementor-widget elementor-widget-hoteller-animated-text\" data-id=\"d291676\" data-element_type=\"widget\" data-settings=\"{&quot;hoteller_ext_is_scrollme&quot;:&quot;false&quot;,&quot;hoteller_ext_is_smoove&quot;:&quot;false&quot;,&quot;hoteller_ext_is_parallax_mouse&quot;:&quot;false&quot;,&quot;hoteller_ext_is_infinite&quot;:&quot;false&quot;,&quot;hoteller_ext_is_fadeout_animation&quot;:&quot;false&quot;}\" data-widget_type=\"hoteller-animated-text.default\">\n\t\t\t\t<div class=\"elementor-widget-container\">\n\t\t\t\t\t<div class=\"themegoods-animated-text text-alignment- transition-bottom overflow-hidden\" data-delimiter=\"word\" data-transition=\"100\" data-transition-delay=\"0\" data-transition-duration=\"800\">\n\t\t<h1>\n\t\tBenef\u00edcios de Reserva Direta\t<\/h1>\n\t<\/div>\t\t\t\t<\/div>\n\t\t\t\t<\/div>\n\t\t\t\t<div class=\"elementor-element elementor-element-b5dac1c elementor-widget elementor-widget-text-editor\" data-id=\"b5dac1c\" data-element_type=\"widget\" data-settings=\"{&quot;hoteller_ext_is_scrollme&quot;:&quot;false&quot;,&quot;hoteller_ext_is_smoove&quot;:&quot;false&quot;,&quot;hoteller_ext_is_parallax_mouse&quot;:&quot;false&quot;,&quot;hoteller_ext_is_infinite&quot;:&quot;false&quot;,&quot;hoteller_ext_is_fadeout_animation&quot;:&quot;false&quot;}\" data-widget_type=\"text-editor.default\">\n\t\t\t\t<div class=\"elementor-widget-container\">\n\t\t\t\t\t\t\t\t\t<p><span class=\"ng-star-inserted\">\u00a1Al\u00f3jese en The Vintage House Hotel y disfrute de una estancia verdaderamente memorable en el Douro!<br \/>\n<\/span><span class=\"ng-star-inserted\">Ser\u00e1 recibido con una bebida de bienvenida.\u00a0<\/span><span class=\"ng-star-inserted\">El aparcamiento y la conexi\u00f3n Wi-Fi son gratuitos y, en los d\u00edas m\u00e1s c\u00e1lidos, podr\u00e1 relajarse en nuestra piscina al aire libre despu\u00e9s de una partida en la pista de tenis.<\/span><\/p>\n\t\t\t\t\t\t\t\t<\/div>\n\t\t\t\t<\/div>\n\t\t\t\t<section class=\"elementor-section elementor-inner-section elementor-element elementor-element-5ff6f51 elementor-section-boxed elementor-section-height-default elementor-section-height-default\" data-id=\"5ff6f51\" data-element_type=\"section\" data-settings=\"{&quot;hoteller_ext_is_background_parallax&quot;:&quot;false&quot;,&quot;hoteller_ext_is_background_on_scroll&quot;:&quot;false&quot;}\">\n\t\t\t\t\t\t<div class=\"elementor-container elementor-column-gap-default\">\n\t\t\t\t\t<div class=\"elementor-column elementor-col-100 elementor-inner-column elementor-element elementor-element-7e7d11f\" data-id=\"7e7d11f\" data-element_type=\"column\" data-settings=\"{&quot;hoteller_ext_is_scrollme&quot;:&quot;false&quot;,&quot;hoteller_ext_is_smoove&quot;:&quot;false&quot;,&quot;hoteller_ext_is_parallax_mouse&quot;:&quot;false&quot;,&quot;hoteller_ext_is_infinite&quot;:&quot;false&quot;,&quot;hoteller_ext_is_fadeout_animation&quot;:&quot;false&quot;}\">\n\t\t\t<div class=\"elementor-widget-wrap elementor-element-populated\">\n\t\t\t\t\t\t<div class=\"elementor-element elementor-element-f0bb735 elementor-widget__width-auto link-arw elementor-widget elementor-widget-heading\" data-id=\"f0bb735\" data-element_type=\"widget\" data-settings=\"{&quot;hoteller_ext_is_scrollme&quot;:&quot;false&quot;,&quot;hoteller_ext_is_smoove&quot;:&quot;false&quot;,&quot;hoteller_ext_is_parallax_mouse&quot;:&quot;false&quot;,&quot;hoteller_ext_is_infinite&quot;:&quot;false&quot;,&quot;hoteller_ext_is_fadeout_animation&quot;:&quot;false&quot;}\" data-widget_type=\"heading.default\">\n\t\t\t\t<div class=\"elementor-widget-container\">\n\t\t\t\t\t<span class=\"elementor-heading-title elementor-size-default\"><a href=\"https:\/\/www.vintagehousehotel.com\/es\/beneficios-exclusivos\/\">Ver beneficios exclusivos<\/a><\/span>\t\t\t\t<\/div>\n\t\t\t\t<\/div>\n\t\t\t\t\t<\/div>\n\t\t<\/div>\n\t\t\t\t\t<\/div>\n\t\t<\/section>\n\t\t\t\t\t<\/div>\n\t\t<\/div>\n\t\t\t\t<div class=\"elementor-column elementor-col-50 elementor-top-column elementor-element elementor-element-844fc2b\" data-id=\"844fc2b\" data-element_type=\"column\" data-settings=\"{&quot;hoteller_ext_is_scrollme&quot;:&quot;false&quot;,&quot;hoteller_ext_is_smoove&quot;:&quot;false&quot;,&quot;hoteller_ext_is_parallax_mouse&quot;:&quot;false&quot;,&quot;hoteller_ext_is_infinite&quot;:&quot;false&quot;,&quot;hoteller_ext_is_fadeout_animation&quot;:&quot;false&quot;}\">\n\t\t\t<div class=\"elementor-widget-wrap elementor-element-populated\">\n\t\t\t\t\t\t<div class=\"elementor-element elementor-element-2db5a32 elementor-widget elementor-widget-image\" data-id=\"2db5a32\" data-element_type=\"widget\" data-settings=\"{&quot;hoteller_image_is_animation&quot;:&quot;false&quot;,&quot;hoteller_ext_is_scrollme&quot;:&quot;false&quot;,&quot;hoteller_ext_is_smoove&quot;:&quot;false&quot;,&quot;hoteller_ext_is_parallax_mouse&quot;:&quot;false&quot;,&quot;hoteller_ext_is_infinite&quot;:&quot;false&quot;,&quot;hoteller_ext_is_fadeout_animation&quot;:&quot;false&quot;}\" data-widget_type=\"image.default\">\n\t\t\t\t<div class=\"elementor-widget-container\">\n\t\t\t\t\t\t\t\t\t\t\t\t\t\t\t<img decoding=\"async\" src=\"https:\/\/www.vintagehousehotel.com\/wp-content\/uploads\/elementor\/thumbs\/the-vintage-house-douro_-thumb-qnrc6nqvfhahyairg8ch7nwj1rh7l6jkrhb147iklk.jpg\" title=\"the-vintage-house-douro_-thumb\" alt=\"the-vintage-house-douro_-thumb\" loading=\"lazy\" \/>\t\t\t\t\t\t\t\t\t\t\t\t\t\t\t<\/div>\n\t\t\t\t<\/div>\n\t\t\t\t\t<\/div>\n\t\t<\/div>\n\t\t\t\t\t<\/div>\n\t\t<\/section>\n\t\t\t\t<\/div>\n\t\t<\/div>","protected":false},"excerpt":{"rendered":"<p>Experiencias El Vintage House Hotel goza de una ubicaci\u00f3n id\u00edlica y tranquila junto al r\u00edo en Pinh\u00e3o, en el coraz\u00f3n del valle del Douro. Beneficios Exclusivos Benef\u00edcios de Reserva Direta \u00a1Al\u00f3jese en The Vintage House Hotel y disfrute de una<\/p>\n","protected":false},"author":1,"featured_media":0,"parent":0,"menu_order":105,"comment_status":"closed","ping_status":"closed","template":"","meta":{"_acf_changed":false,"inline_featured_image":false,"footnotes":""},"acf":[],"_links":{"self":[{"href":"https:\/\/www.vintagehousehotel.com\/es\/wp-json\/wp\/v2\/pages\/5879"}],"collection":[{"href":"https:\/\/www.vintagehousehotel.com\/es\/wp-json\/wp\/v2\/pages"}],"about":[{"href":"https:\/\/www.vintagehousehotel.com\/es\/wp-json\/wp\/v2\/types\/page"}],"author":[{"embeddable":true,"href":"https:\/\/www.vintagehousehotel.com\/es\/wp-json\/wp\/v2\/users\/1"}],"replies":[{"embeddable":true,"href":"https:\/\/www.vintagehousehotel.com\/es\/wp-json\/wp\/v2\/comments?post=5879"}],"version-history":[{"count":22,"href":"https:\/\/www.vintagehousehotel.com\/es\/wp-json\/wp\/v2\/pages\/5879\/revisions"}],"predecessor-version":[{"id":20072,"href":"https:\/\/www.vintagehousehotel.com\/es\/wp-json\/wp\/v2\/pages\/5879\/revisions\/20072"}],"wp:attachment":[{"href":"https:\/\/www.vintagehousehotel.com\/es\/wp-json\/wp\/v2\/media?parent=5879"}],"curies":[{"name":"wp","href":"https:\/\/api.w.org\/{rel}","templated":true}]}}