{"id":14806,"date":"2021-09-27T13:52:18","date_gmt":"2021-09-27T13:52:18","guid":{"rendered":"https:\/\/www.vintagehousehotel.com\/douro\/"},"modified":"2023-08-28T11:34:42","modified_gmt":"2023-08-28T11:34:42","slug":"douro","status":"publish","type":"page","link":"https:\/\/www.vintagehousehotel.com\/fr\/douro\/","title":{"rendered":"Douro"},"content":{"rendered":"<div style=\"margin:0 auto;\">\t\t<div data-elementor-type=\"wp-page\" data-elementor-id=\"14806\" class=\"elementor elementor-14806 elementor-1359\" data-elementor-post-type=\"page\">\n\t\t\t\t\t\t<section class=\"elementor-section elementor-top-section elementor-element elementor-element-f7d05a0 elementor-section-stretched elementor-section-height-min-height elementor-section-content-middle elementor-section-boxed elementor-section-height-default elementor-section-items-middle\" data-id=\"f7d05a0\" data-element_type=\"section\" data-settings=\"{&quot;stretch_section&quot;:&quot;section-stretched&quot;,&quot;background_background&quot;:&quot;classic&quot;,&quot;hoteller_ext_is_background_on_scroll&quot;:&quot;false&quot;}\">\n\t\t\t\t\t\t\t<div class=\"elementor-background-overlay\"><\/div>\n\t\t\t\t\t\t\t<div class=\"elementor-container elementor-column-gap-default\">\n\t\t\t\t\t<div class=\"elementor-column elementor-col-100 elementor-top-column elementor-element elementor-element-b39195d\" data-id=\"b39195d\" data-element_type=\"column\" data-settings=\"{&quot;hoteller_ext_is_scrollme&quot;:&quot;false&quot;,&quot;hoteller_ext_is_smoove&quot;:&quot;false&quot;,&quot;hoteller_ext_is_parallax_mouse&quot;:&quot;false&quot;,&quot;hoteller_ext_is_infinite&quot;:&quot;false&quot;,&quot;hoteller_ext_is_fadeout_animation&quot;:&quot;false&quot;}\">\n\t\t\t<div class=\"elementor-widget-wrap elementor-element-populated\">\n\t\t\t\t\t\t<div class=\"elementor-element elementor-element-0c8ac09 elementor-widget elementor-widget-hoteller-animated-text\" data-id=\"0c8ac09\" data-element_type=\"widget\" data-settings=\"{&quot;hoteller_ext_is_fadeout_animation&quot;:&quot;true&quot;,&quot;hoteller_ext_is_fadeout_animation_velocity&quot;:{&quot;unit&quot;:&quot;px&quot;,&quot;size&quot;:0.4,&quot;sizes&quot;:[]},&quot;hoteller_ext_is_scrollme&quot;:&quot;false&quot;,&quot;hoteller_ext_is_smoove&quot;:&quot;false&quot;,&quot;hoteller_ext_is_parallax_mouse&quot;:&quot;false&quot;,&quot;hoteller_ext_is_infinite&quot;:&quot;false&quot;,&quot;hoteller_ext_is_fadeout_animation_direction&quot;:&quot;up&quot;}\" data-widget_type=\"hoteller-animated-text.default\">\n\t\t\t\t<div class=\"elementor-widget-container\">\n\t\t\t\t\t<div class=\"themegoods-animated-text text-alignment-center transition-bottom overflow-hidden\" data-delimiter=\"word\" data-transition=\"100\" data-transition-delay=\"0\" data-transition-duration=\"800\">\n\t\t<h1>\n\t\tDouro\t<\/h1>\n\t<\/div>\t\t\t\t<\/div>\n\t\t\t\t<\/div>\n\t\t\t\t\t<\/div>\n\t\t<\/div>\n\t\t\t\t\t<\/div>\n\t\t<\/section>\n\t\t\t\t<section class=\"elementor-section elementor-top-section elementor-element elementor-element-7be1645 elementor-reverse-mobile elementor-section-boxed elementor-section-height-default elementor-section-height-default\" data-id=\"7be1645\" data-element_type=\"section\" data-settings=\"{&quot;hoteller_ext_is_background_parallax&quot;:&quot;false&quot;,&quot;hoteller_ext_is_background_on_scroll&quot;:&quot;false&quot;}\">\n\t\t\t\t\t\t<div class=\"elementor-container elementor-column-gap-default\">\n\t\t\t\t\t<div class=\"elementor-column elementor-col-33 elementor-top-column elementor-element elementor-element-4fd31af\" data-id=\"4fd31af\" data-element_type=\"column\" data-settings=\"{&quot;hoteller_ext_is_scrollme&quot;:&quot;false&quot;,&quot;hoteller_ext_is_smoove&quot;:&quot;false&quot;,&quot;hoteller_ext_is_parallax_mouse&quot;:&quot;false&quot;,&quot;hoteller_ext_is_infinite&quot;:&quot;false&quot;,&quot;hoteller_ext_is_fadeout_animation&quot;:&quot;false&quot;}\">\n\t\t\t<div class=\"elementor-widget-wrap elementor-element-populated\">\n\t\t\t\t\t\t<div class=\"elementor-element elementor-element-42f03f3 elementor-widget__width-auto elementor-widget-divider--view-line elementor-widget elementor-widget-divider\" data-id=\"42f03f3\" data-element_type=\"widget\" data-settings=\"{&quot;hoteller_ext_is_smoove&quot;:&quot;true&quot;,&quot;hoteller_ext_smoove_duration&quot;:800,&quot;hoteller_ext_smoove_scalex&quot;:{&quot;unit&quot;:&quot;px&quot;,&quot;size&quot;:0.5,&quot;sizes&quot;:[]},&quot;hoteller_ext_smoove_scaley&quot;:{&quot;unit&quot;:&quot;px&quot;,&quot;size&quot;:0.5,&quot;sizes&quot;:[]},&quot;hoteller_ext_is_scrollme&quot;:&quot;false&quot;,&quot;hoteller_ext_smoove_disable&quot;:1,&quot;hoteller_ext_smoove_rotatex&quot;:{&quot;unit&quot;:&quot;px&quot;,&quot;size&quot;:0,&quot;sizes&quot;:[]},&quot;hoteller_ext_smoove_rotatey&quot;:{&quot;unit&quot;:&quot;px&quot;,&quot;size&quot;:0,&quot;sizes&quot;:[]},&quot;hoteller_ext_smoove_rotatez&quot;:{&quot;unit&quot;:&quot;px&quot;,&quot;size&quot;:0,&quot;sizes&quot;:[]},&quot;hoteller_ext_smoove_translatex&quot;:{&quot;unit&quot;:&quot;px&quot;,&quot;size&quot;:0,&quot;sizes&quot;:[]},&quot;hoteller_ext_smoove_translatey&quot;:{&quot;unit&quot;:&quot;px&quot;,&quot;size&quot;:0,&quot;sizes&quot;:[]},&quot;hoteller_ext_smoove_translatez&quot;:{&quot;unit&quot;:&quot;px&quot;,&quot;size&quot;:0,&quot;sizes&quot;:[]},&quot;hoteller_ext_smoove_skewx&quot;:{&quot;unit&quot;:&quot;px&quot;,&quot;size&quot;:0,&quot;sizes&quot;:[]},&quot;hoteller_ext_smoove_skewy&quot;:{&quot;unit&quot;:&quot;px&quot;,&quot;size&quot;:0,&quot;sizes&quot;:[]},&quot;hoteller_ext_smoove_perspective&quot;:{&quot;unit&quot;:&quot;px&quot;,&quot;size&quot;:1000,&quot;sizes&quot;:[]},&quot;hoteller_ext_is_parallax_mouse&quot;:&quot;false&quot;,&quot;hoteller_ext_is_infinite&quot;:&quot;false&quot;,&quot;hoteller_ext_is_fadeout_animation&quot;:&quot;false&quot;}\" data-widget_type=\"divider.default\">\n\t\t\t\t<div class=\"elementor-widget-container\">\n\t\t\t\t\t\t\t<div class=\"elementor-divider\">\n\t\t\t<span class=\"elementor-divider-separator\">\n\t\t\t\t\t\t<\/span>\n\t\t<\/div>\n\t\t\t\t\t\t<\/div>\n\t\t\t\t<\/div>\n\t\t\t\t<div class=\"elementor-element elementor-element-b7a232d elementor-widget__width-auto elementor-invisible elementor-widget elementor-widget-heading\" data-id=\"b7a232d\" data-element_type=\"widget\" data-settings=\"{&quot;_animation&quot;:&quot;fadeInUp&quot;,&quot;_animation_delay&quot;:100,&quot;hoteller_ext_is_scrollme&quot;:&quot;false&quot;,&quot;hoteller_ext_is_smoove&quot;:&quot;false&quot;,&quot;hoteller_ext_is_parallax_mouse&quot;:&quot;false&quot;,&quot;hoteller_ext_is_infinite&quot;:&quot;false&quot;,&quot;hoteller_ext_is_fadeout_animation&quot;:&quot;false&quot;}\" data-widget_type=\"heading.default\">\n\t\t\t\t<div class=\"elementor-widget-container\">\n\t\t\t\t\t<span class=\"elementor-heading-title elementor-size-medium\">La vall\u00e9e du Douro<\/span>\t\t\t\t<\/div>\n\t\t\t\t<\/div>\n\t\t\t\t<div class=\"elementor-element elementor-element-88aec89 elementor-widget elementor-widget-hoteller-animated-text\" data-id=\"88aec89\" data-element_type=\"widget\" data-settings=\"{&quot;hoteller_ext_is_scrollme&quot;:&quot;false&quot;,&quot;hoteller_ext_is_smoove&quot;:&quot;false&quot;,&quot;hoteller_ext_is_parallax_mouse&quot;:&quot;false&quot;,&quot;hoteller_ext_is_infinite&quot;:&quot;false&quot;,&quot;hoteller_ext_is_fadeout_animation&quot;:&quot;false&quot;}\" data-widget_type=\"hoteller-animated-text.default\">\n\t\t\t\t<div class=\"elementor-widget-container\">\n\t\t\t\t\t<div class=\"themegoods-animated-text text-alignment- transition-bottom overflow-hidden\" data-delimiter=\"word\" data-transition=\"100\" data-transition-delay=\"0\" data-transition-duration=\"800\">\n\t\t<h1>\n\t\tD\u00e9couvrez les charmes de la vall\u00e9e du Douro avec l'h\u00f4tel The Vintage House Douro.\t<\/h1>\n\t<\/div>\t\t\t\t<\/div>\n\t\t\t\t<\/div>\n\t\t\t\t<div class=\"elementor-element elementor-element-dec8923 elementor-widget elementor-widget-text-editor\" data-id=\"dec8923\" data-element_type=\"widget\" data-settings=\"{&quot;hoteller_ext_is_scrollme&quot;:&quot;false&quot;,&quot;hoteller_ext_is_smoove&quot;:&quot;false&quot;,&quot;hoteller_ext_is_parallax_mouse&quot;:&quot;false&quot;,&quot;hoteller_ext_is_infinite&quot;:&quot;false&quot;,&quot;hoteller_ext_is_fadeout_animation&quot;:&quot;false&quot;}\" data-widget_type=\"text-editor.default\">\n\t\t\t\t<div class=\"elementor-widget-container\">\n\t\t\t\t\t\t\t\t\t<p>La vall\u00e9e du Douro, au nord du Portugal, l&rsquo;une des plus c\u00e9l\u00e8bres r\u00e9gions viticoles du pays, class\u00e9e au patrimoine mondial de l&rsquo;UNESCO, elle est le berceau du vin de Porto et la premi\u00e8re r\u00e9gion d\u00e9limit\u00e9e de vins du monde, statut accord\u00e9 par le Marquis de Pombal en 1756. Ici se situent les domaines producteurs de marques connues comme Sandeman et Taylor, parmi beaucoup d&rsquo;autres.<\/p><p>Naissant en Espagne, le fleuve Douro coule de forme sinueuse au travers de vall\u00e9es escarp\u00e9es et luxuriantes jusqu&rsquo;\u00e0 la ville de Porto et offre, dans la r\u00e9gion d\u00e9nomm\u00e9e la vall\u00e9e du Douro, des paysages grandioses \u00e0 couper le souffle. Des bateaux partent r\u00e9guli\u00e8rement depuis Porto et vous permettent de profiter de l&rsquo;un des plus beaux et merveilleux paysages du monde.<\/p><p>Si vous pr\u00e9f\u00e9rez vous d\u00e9placer en voiture, le voyage en vaut la peine malgr\u00e9 les routes sinueuses car vous d\u00e9couvrirez des paysages magnifiques, \u00e0 chaque virage. Mais la meilleure fa\u00e7on de d\u00e9couvrir cette r\u00e9gion unique est sans doute le train, avec la ligne du Douro, qui tout au long de ses 175 kilom\u00e8tres de long, se trouve en grande partie au bord du fleuve. Enfin, plus audacieux et spectaculaire, un tour en h\u00e9licopt\u00e8re au d\u00e9part de Porto, donne une autre perspective de ce chef-d&rsquo;\u0153uvre de la nature.<\/p><p>Bien que c\u00e9l\u00e8bre pour le vin de Porto, d&rsquo;excellents vins de table rouge et blanc sont \u00e9galement produits dans cette r\u00e9gion et accompagnent \u00e0 la perfection une d\u00e9licieuse gastronomie, o\u00f9 la viande occupe le centre de la table. Apr\u00e8s tout, nous sommes \u00e0 la campagne!<\/p>\t\t\t\t\t\t\t\t<\/div>\n\t\t\t\t<\/div>\n\t\t\t\t\t<\/div>\n\t\t<\/div>\n\t\t\t\t<div class=\"elementor-column elementor-col-66 elementor-top-column elementor-element elementor-element-5d77aad\" data-id=\"5d77aad\" data-element_type=\"column\" data-settings=\"{&quot;hoteller_ext_is_scrollme&quot;:&quot;false&quot;,&quot;hoteller_ext_is_smoove&quot;:&quot;false&quot;,&quot;hoteller_ext_is_parallax_mouse&quot;:&quot;false&quot;,&quot;hoteller_ext_is_infinite&quot;:&quot;false&quot;,&quot;hoteller_ext_is_fadeout_animation&quot;:&quot;false&quot;}\">\n\t\t\t<div class=\"elementor-widget-wrap elementor-element-populated\">\n\t\t\t\t\t\t<div class=\"elementor-element elementor-element-f2b3e6f elementor-widget elementor-widget-image\" data-id=\"f2b3e6f\" data-element_type=\"widget\" data-settings=\"{&quot;hoteller_image_is_animation&quot;:&quot;true&quot;,&quot;hoteller_image_animation_effect&quot;:&quot;zoom_in&quot;,&quot;hoteller_ext_is_scrollme&quot;:&quot;false&quot;,&quot;hoteller_ext_is_smoove&quot;:&quot;false&quot;,&quot;hoteller_ext_is_parallax_mouse&quot;:&quot;false&quot;,&quot;hoteller_ext_is_infinite&quot;:&quot;false&quot;,&quot;hoteller_ext_is_fadeout_animation&quot;:&quot;false&quot;}\" data-widget_type=\"image.default\">\n\t\t\t\t<div class=\"elementor-widget-container\">\n\t\t\t\t\t\t\t\t\t\t\t\t\t\t\t<img decoding=\"async\" src=\"https:\/\/www.vintagehousehotel.com\/wp-content\/uploads\/elementor\/thumbs\/DSC7514-scaled-e1636997088736-qnrc78f7r962355w0gtdlool928qrn922czhxkatou.jpg\" title=\"_DSC7514\" alt=\"_DSC7514\" loading=\"lazy\" \/>\t\t\t\t\t\t\t\t\t\t\t\t\t\t\t<\/div>\n\t\t\t\t<\/div>\n\t\t\t\t<div class=\"elementor-element elementor-element-9bf2151 elementor-widget__width-auto elementor-absolute elementor-hidden-tablet elementor-hidden-mobile douro-right-img elementor-widget elementor-widget-image\" data-id=\"9bf2151\" data-element_type=\"widget\" data-settings=\"{&quot;hoteller_image_is_animation&quot;:&quot;true&quot;,&quot;hoteller_image_animation_effect&quot;:&quot;zoom_in&quot;,&quot;_position&quot;:&quot;absolute&quot;,&quot;hoteller_ext_is_scrollme&quot;:&quot;false&quot;,&quot;hoteller_ext_is_smoove&quot;:&quot;false&quot;,&quot;hoteller_ext_is_parallax_mouse&quot;:&quot;false&quot;,&quot;hoteller_ext_is_infinite&quot;:&quot;false&quot;,&quot;hoteller_ext_is_fadeout_animation&quot;:&quot;false&quot;}\" data-widget_type=\"image.default\">\n\t\t\t\t<div class=\"elementor-widget-container\">\n\t\t\t\t\t\t\t\t\t\t\t\t\t\t\t<img decoding=\"async\" src=\"https:\/\/www.vintagehousehotel.com\/wp-content\/uploads\/elementor\/thumbs\/017-Croft-Harvest-2020-Quinta-da-Roeda-Vine-with-grapes-scaled-e1636997060750-qnrc72s5j7th9ncllr0emewh2lfzwq2dmu7mn08vmk.jpg\" title=\"(017) Croft &#8211; Harvest 2020 &#8211; Quinta da Roeda &#8211; Vine with grapes\" alt=\"(017) Croft - Harvest 2020 - Quinta da Roeda - Vine with grapes\" loading=\"lazy\" \/>\t\t\t\t\t\t\t\t\t\t\t\t\t\t\t<\/div>\n\t\t\t\t<\/div>\n\t\t\t\t\t<\/div>\n\t\t<\/div>\n\t\t\t\t\t<\/div>\n\t\t<\/section>\n\t\t\t\t<section class=\"elementor-section elementor-top-section elementor-element elementor-element-d5f285a elementor-section-stretched elementor-section-boxed elementor-section-height-default elementor-section-height-default\" data-id=\"d5f285a\" data-element_type=\"section\" id=\"section-douro-posts-cat\" data-settings=\"{&quot;stretch_section&quot;:&quot;section-stretched&quot;,&quot;background_background&quot;:&quot;classic&quot;,&quot;hoteller_ext_is_background_parallax&quot;:&quot;false&quot;,&quot;hoteller_ext_is_background_on_scroll&quot;:&quot;false&quot;}\">\n\t\t\t\t\t\t<div class=\"elementor-container elementor-column-gap-default\">\n\t\t\t\t\t<div class=\"elementor-column elementor-col-100 elementor-top-column elementor-element elementor-element-d369e9d\" data-id=\"d369e9d\" data-element_type=\"column\" data-settings=\"{&quot;hoteller_ext_is_scrollme&quot;:&quot;false&quot;,&quot;hoteller_ext_is_smoove&quot;:&quot;false&quot;,&quot;hoteller_ext_is_parallax_mouse&quot;:&quot;false&quot;,&quot;hoteller_ext_is_infinite&quot;:&quot;false&quot;,&quot;hoteller_ext_is_fadeout_animation&quot;:&quot;false&quot;}\">\n\t\t\t<div class=\"elementor-widget-wrap elementor-element-populated\">\n\t\t\t\t\t\t<div class=\"elementor-element elementor-element-a0d782f elementor-widget elementor-widget-hoteller-animated-text\" data-id=\"a0d782f\" data-element_type=\"widget\" data-settings=\"{&quot;hoteller_ext_is_scrollme&quot;:&quot;false&quot;,&quot;hoteller_ext_is_smoove&quot;:&quot;false&quot;,&quot;hoteller_ext_is_parallax_mouse&quot;:&quot;false&quot;,&quot;hoteller_ext_is_infinite&quot;:&quot;false&quot;,&quot;hoteller_ext_is_fadeout_animation&quot;:&quot;false&quot;}\" data-widget_type=\"hoteller-animated-text.default\">\n\t\t\t\t<div class=\"elementor-widget-container\">\n\t\t\t\t\t<div class=\"themegoods-animated-text text-alignment-center transition-bottom overflow-hidden\" data-delimiter=\"word\" data-transition=\"100\" data-transition-delay=\"0\" data-transition-duration=\"800\">\n\t\t<h1>\n\t\tD\u00e9couvrez les charmes de la vall\u00e9e du Douro\t<\/h1>\n\t<\/div>\t\t\t\t<\/div>\n\t\t\t\t<\/div>\n\t\t\t\t<div class=\"elementor-element elementor-element-6a0d5d2 elementor-grid-2 prog-title elementor-grid-tablet-2 elementor-grid-mobile-1 elementor-posts--thumbnail-top elementor-widget elementor-widget-posts\" data-id=\"6a0d5d2\" data-element_type=\"widget\" data-settings=\"{&quot;classic_columns&quot;:&quot;2&quot;,&quot;classic_columns_tablet&quot;:&quot;2&quot;,&quot;classic_columns_mobile&quot;:&quot;1&quot;,&quot;classic_row_gap&quot;:{&quot;unit&quot;:&quot;px&quot;,&quot;size&quot;:35,&quot;sizes&quot;:[]},&quot;classic_row_gap_tablet&quot;:{&quot;unit&quot;:&quot;px&quot;,&quot;size&quot;:&quot;&quot;,&quot;sizes&quot;:[]},&quot;classic_row_gap_mobile&quot;:{&quot;unit&quot;:&quot;px&quot;,&quot;size&quot;:&quot;&quot;,&quot;sizes&quot;:[]},&quot;hoteller_ext_is_scrollme&quot;:&quot;false&quot;,&quot;hoteller_ext_is_smoove&quot;:&quot;false&quot;,&quot;hoteller_ext_is_parallax_mouse&quot;:&quot;false&quot;,&quot;hoteller_ext_is_infinite&quot;:&quot;false&quot;,&quot;hoteller_ext_is_fadeout_animation&quot;:&quot;false&quot;}\" data-widget_type=\"posts.classic\">\n\t\t\t\t<div class=\"elementor-widget-container\">\n\t\t\t\t\t\t\t<div class=\"elementor-posts-container elementor-posts elementor-posts--skin-classic elementor-grid\">\n\t\t\t\t<article class=\"elementor-post elementor-grid-item post-5468 douro type-douro status-publish has-post-thumbnail hentry\">\n\t\t\t\t<a class=\"elementor-post__thumbnail__link\" href=\"https:\/\/www.vintagehousehotel.com\/fr\/douro\/decouvrez-le-douro\/\" tabindex=\"-1\" >\n\t\t\t<div class=\"elementor-post__thumbnail\"><img fetchpriority=\"high\" decoding=\"async\" width=\"1024\" height=\"683\" src=\"https:\/\/www.vintagehousehotel.com\/wp-content\/uploads\/2021\/09\/001-Croft-Harvest-2020-Quinta-da-Roeda-Vineyard-1024x683.jpg\" class=\"attachment-large size-large wp-image-6993\" alt=\"\" srcset=\"https:\/\/www.vintagehousehotel.com\/wp-content\/uploads\/2021\/09\/001-Croft-Harvest-2020-Quinta-da-Roeda-Vineyard-1024x683.jpg 1024w, https:\/\/www.vintagehousehotel.com\/wp-content\/uploads\/2021\/09\/001-Croft-Harvest-2020-Quinta-da-Roeda-Vineyard-300x200.jpg 300w, https:\/\/www.vintagehousehotel.com\/wp-content\/uploads\/2021\/09\/001-Croft-Harvest-2020-Quinta-da-Roeda-Vineyard-768x512.jpg 768w, https:\/\/www.vintagehousehotel.com\/wp-content\/uploads\/2021\/09\/001-Croft-Harvest-2020-Quinta-da-Roeda-Vineyard-1536x1024.jpg 1536w, https:\/\/www.vintagehousehotel.com\/wp-content\/uploads\/2021\/09\/001-Croft-Harvest-2020-Quinta-da-Roeda-Vineyard-2048x1365.jpg 2048w, https:\/\/www.vintagehousehotel.com\/wp-content\/uploads\/2021\/09\/001-Croft-Harvest-2020-Quinta-da-Roeda-Vineyard-700x466.jpg 700w, https:\/\/www.vintagehousehotel.com\/wp-content\/uploads\/2021\/09\/001-Croft-Harvest-2020-Quinta-da-Roeda-Vineyard-440x293.jpg 440w, https:\/\/www.vintagehousehotel.com\/wp-content\/uploads\/2021\/09\/001-Croft-Harvest-2020-Quinta-da-Roeda-Vineyard-350x233.jpg 350w, https:\/\/www.vintagehousehotel.com\/wp-content\/uploads\/2021\/09\/001-Croft-Harvest-2020-Quinta-da-Roeda-Vineyard-600x400.jpg 600w\" sizes=\"(max-width: 1024px) 100vw, 1024px\" \/><\/div>\n\t\t<\/a>\n\t\t\t\t<div class=\"elementor-post__text\">\n\t\t\t\t<h2 class=\"elementor-post__title\">\n\t\t\t<a href=\"https:\/\/www.vintagehousehotel.com\/fr\/douro\/decouvrez-le-douro\/\" >\n\t\t\t\tD\u00e9couvrez le Douro\t\t\t<\/a>\n\t\t<\/h2>\n\t\t\t\t<\/div>\n\t\t\t\t<\/article>\n\t\t\t\t<article class=\"elementor-post elementor-grid-item post-5466 douro type-douro status-publish has-post-thumbnail hentry\">\n\t\t\t\t<a class=\"elementor-post__thumbnail__link\" href=\"https:\/\/www.vintagehousehotel.com\/fr\/douro\/les-miradors\/\" tabindex=\"-1\" >\n\t\t\t<div class=\"elementor-post__thumbnail\"><img decoding=\"async\" width=\"1024\" height=\"683\" src=\"https:\/\/www.vintagehousehotel.com\/wp-content\/uploads\/2021\/09\/IMG_1624-1-3-1024x683.jpg\" class=\"attachment-large size-large wp-image-6574\" alt=\"\" srcset=\"https:\/\/www.vintagehousehotel.com\/wp-content\/uploads\/2021\/09\/IMG_1624-1-3-1024x683.jpg 1024w, https:\/\/www.vintagehousehotel.com\/wp-content\/uploads\/2021\/09\/IMG_1624-1-3-300x200.jpg 300w, https:\/\/www.vintagehousehotel.com\/wp-content\/uploads\/2021\/09\/IMG_1624-1-3-768x512.jpg 768w, https:\/\/www.vintagehousehotel.com\/wp-content\/uploads\/2021\/09\/IMG_1624-1-3-1536x1024.jpg 1536w, https:\/\/www.vintagehousehotel.com\/wp-content\/uploads\/2021\/09\/IMG_1624-1-3-2048x1365.jpg 2048w, https:\/\/www.vintagehousehotel.com\/wp-content\/uploads\/2021\/09\/IMG_1624-1-3-700x466.jpg 700w, https:\/\/www.vintagehousehotel.com\/wp-content\/uploads\/2021\/09\/IMG_1624-1-3-440x293.jpg 440w, https:\/\/www.vintagehousehotel.com\/wp-content\/uploads\/2021\/09\/IMG_1624-1-3-350x233.jpg 350w, https:\/\/www.vintagehousehotel.com\/wp-content\/uploads\/2021\/09\/IMG_1624-1-3-600x400.jpg 600w\" sizes=\"(max-width: 1024px) 100vw, 1024px\" \/><\/div>\n\t\t<\/a>\n\t\t\t\t<div class=\"elementor-post__text\">\n\t\t\t\t<h2 class=\"elementor-post__title\">\n\t\t\t<a href=\"https:\/\/www.vintagehousehotel.com\/fr\/douro\/les-miradors\/\" >\n\t\t\t\tLes Miradors\t\t\t<\/a>\n\t\t<\/h2>\n\t\t\t\t<\/div>\n\t\t\t\t<\/article>\n\t\t\t\t<article class=\"elementor-post elementor-grid-item post-5464 douro type-douro status-publish has-post-thumbnail hentry\">\n\t\t\t\t<a class=\"elementor-post__thumbnail__link\" href=\"https:\/\/www.vintagehousehotel.com\/fr\/douro\/gastronomie\/\" tabindex=\"-1\" >\n\t\t\t<div class=\"elementor-post__thumbnail\"><img decoding=\"async\" width=\"1024\" height=\"682\" src=\"https:\/\/www.vintagehousehotel.com\/wp-content\/uploads\/2021\/09\/gastronomia-douro-1024x682.jpg\" class=\"attachment-large size-large wp-image-6977\" alt=\"\" srcset=\"https:\/\/www.vintagehousehotel.com\/wp-content\/uploads\/2021\/09\/gastronomia-douro-1024x682.jpg 1024w, https:\/\/www.vintagehousehotel.com\/wp-content\/uploads\/2021\/09\/gastronomia-douro-300x200.jpg 300w, https:\/\/www.vintagehousehotel.com\/wp-content\/uploads\/2021\/09\/gastronomia-douro-768x512.jpg 768w, https:\/\/www.vintagehousehotel.com\/wp-content\/uploads\/2021\/09\/gastronomia-douro-1536x1024.jpg 1536w, https:\/\/www.vintagehousehotel.com\/wp-content\/uploads\/2021\/09\/gastronomia-douro-700x466.jpg 700w, https:\/\/www.vintagehousehotel.com\/wp-content\/uploads\/2021\/09\/gastronomia-douro-440x293.jpg 440w, https:\/\/www.vintagehousehotel.com\/wp-content\/uploads\/2021\/09\/gastronomia-douro-350x233.jpg 350w, https:\/\/www.vintagehousehotel.com\/wp-content\/uploads\/2021\/09\/gastronomia-douro-600x400.jpg 600w, https:\/\/www.vintagehousehotel.com\/wp-content\/uploads\/2021\/09\/gastronomia-douro.jpg 2000w\" sizes=\"(max-width: 1024px) 100vw, 1024px\" \/><\/div>\n\t\t<\/a>\n\t\t\t\t<div class=\"elementor-post__text\">\n\t\t\t\t<h2 class=\"elementor-post__title\">\n\t\t\t<a href=\"https:\/\/www.vintagehousehotel.com\/fr\/douro\/gastronomie\/\" >\n\t\t\t\tGastronomie\t\t\t<\/a>\n\t\t<\/h2>\n\t\t\t\t<\/div>\n\t\t\t\t<\/article>\n\t\t\t\t<article class=\"elementor-post elementor-grid-item post-5460 douro type-douro status-publish has-post-thumbnail hentry\">\n\t\t\t\t<a class=\"elementor-post__thumbnail__link\" href=\"https:\/\/www.vintagehousehotel.com\/fr\/douro\/legendes-et-traditions\/\" tabindex=\"-1\" >\n\t\t\t<div class=\"elementor-post__thumbnail\"><img loading=\"lazy\" decoding=\"async\" width=\"1024\" height=\"898\" src=\"https:\/\/www.vintagehousehotel.com\/wp-content\/uploads\/2021\/09\/shutterstock_44741977-1024x898.jpg\" class=\"attachment-large size-large wp-image-6579\" alt=\"\" srcset=\"https:\/\/www.vintagehousehotel.com\/wp-content\/uploads\/2021\/09\/shutterstock_44741977-1024x898.jpg 1024w, https:\/\/www.vintagehousehotel.com\/wp-content\/uploads\/2021\/09\/shutterstock_44741977-300x263.jpg 300w, https:\/\/www.vintagehousehotel.com\/wp-content\/uploads\/2021\/09\/shutterstock_44741977-768x674.jpg 768w, https:\/\/www.vintagehousehotel.com\/wp-content\/uploads\/2021\/09\/shutterstock_44741977-1536x1347.jpg 1536w, https:\/\/www.vintagehousehotel.com\/wp-content\/uploads\/2021\/09\/shutterstock_44741977-2048x1796.jpg 2048w, https:\/\/www.vintagehousehotel.com\/wp-content\/uploads\/2021\/09\/shutterstock_44741977-440x386.jpg 440w, https:\/\/www.vintagehousehotel.com\/wp-content\/uploads\/2021\/09\/shutterstock_44741977-350x307.jpg 350w, https:\/\/www.vintagehousehotel.com\/wp-content\/uploads\/2021\/09\/shutterstock_44741977-600x526.jpg 600w\" sizes=\"(max-width: 1024px) 100vw, 1024px\" \/><\/div>\n\t\t<\/a>\n\t\t\t\t<div class=\"elementor-post__text\">\n\t\t\t\t<h2 class=\"elementor-post__title\">\n\t\t\t<a href=\"https:\/\/www.vintagehousehotel.com\/fr\/douro\/legendes-et-traditions\/\" >\n\t\t\t\tL\u00e9gendes et Traditions\t\t\t<\/a>\n\t\t<\/h2>\n\t\t\t\t<\/div>\n\t\t\t\t<\/article>\n\t\t\t\t<\/div>\n\t\t\n\t\t\t\t\t\t<\/div>\n\t\t\t\t<\/div>\n\t\t\t\t\t<\/div>\n\t\t<\/div>\n\t\t\t\t\t<\/div>\n\t\t<\/section>\n\t\t\t\t<\/div>\n\t\t<\/div>","protected":false},"excerpt":{"rendered":"<p>Douro La vall\u00e9e du Douro D\u00e9couvrez les charmes de la vall\u00e9e du Douro avec l&rsquo;h\u00f4tel The Vintage House Douro. La vall\u00e9e du Douro, au nord du Portugal, l&rsquo;une des plus c\u00e9l\u00e8bres r\u00e9gions viticoles du pays, class\u00e9e au patrimoine mondial de<\/p>\n","protected":false},"author":1,"featured_media":7090,"parent":0,"menu_order":46,"comment_status":"closed","ping_status":"closed","template":"","meta":{"_acf_changed":false,"inline_featured_image":false,"footnotes":""},"acf":[],"_links":{"self":[{"href":"https:\/\/www.vintagehousehotel.com\/fr\/wp-json\/wp\/v2\/pages\/14806"}],"collection":[{"href":"https:\/\/www.vintagehousehotel.com\/fr\/wp-json\/wp\/v2\/pages"}],"about":[{"href":"https:\/\/www.vintagehousehotel.com\/fr\/wp-json\/wp\/v2\/types\/page"}],"author":[{"embeddable":true,"href":"https:\/\/www.vintagehousehotel.com\/fr\/wp-json\/wp\/v2\/users\/1"}],"replies":[{"embeddable":true,"href":"https:\/\/www.vintagehousehotel.com\/fr\/wp-json\/wp\/v2\/comments?post=14806"}],"version-history":[{"count":19,"href":"https:\/\/www.vintagehousehotel.com\/fr\/wp-json\/wp\/v2\/pages\/14806\/revisions"}],"predecessor-version":[{"id":14842,"href":"https:\/\/www.vintagehousehotel.com\/fr\/wp-json\/wp\/v2\/pages\/14806\/revisions\/14842"}],"wp:featuredmedia":[{"embeddable":true,"href":"https:\/\/www.vintagehousehotel.com\/fr\/wp-json\/wp\/v2\/media\/7090"}],"wp:attachment":[{"href":"https:\/\/www.vintagehousehotel.com\/fr\/wp-json\/wp\/v2\/media?parent=14806"}],"curies":[{"name":"wp","href":"https:\/\/api.w.org\/{rel}","templated":true}]}}